{"id":1782,"date":"2020-07-28T09:42:09","date_gmt":"2020-07-28T07:42:09","guid":{"rendered":"https:\/\/www.grandeepicerie.be\/a-propos\/"},"modified":"2020-10-20T09:07:54","modified_gmt":"2020-10-20T07:07:54","slug":"about-us","status":"publish","type":"page","link":"https:\/\/www.grandeepicerie.be\/en\/about-us\/","title":{"rendered":"About us"},"content":{"rendered":"<div class=\"wpb-content-wrapper\"><p>[vc_row gap=&#8221;30&#8243; full_height=&#8221;yes&#8221; content_placement=&#8221;middle&#8221; bg_type=&#8221;grad&#8221; bg_override=&#8221;ex-full&#8221; bg_grad=&#8221;background: -webkit-gradient(linear, left top, left bottom, color-stop(0%, #F8F7FB), color-stop(50%, #F8F7FB), color-stop(50%, #FFFFFF));background: -moz-linear-gradient(top,#F8F7FB 0%,#F8F7FB 50%,#FFFFFF 50%);background: -webkit-linear-gradient(top,#F8F7FB 0%,#F8F7FB 50%,#FFFFFF 50%);background: -o-linear-gradient(top,#F8F7FB 0%,#F8F7FB 50%,#FFFFFF 50%);background: -ms-linear-gradient(top,#F8F7FB 0%,#F8F7FB 50%,#FFFFFF 50%);background: linear-gradient(top,#F8F7FB 0%,#F8F7FB 50%,#FFFFFF 50%);&#8221; css=&#8221;.vc_custom_1595944617557{margin-bottom: 50px !important;padding-top: 30px !important;padding-bottom: 30px !important;}&#8221;][vc_column width=&#8221;1\/2&#8243;][vc_column_text]<\/p>\n<h1>About us<\/h1>\n<p>The story of La Grande Epicerie at Uccle Fort-Jaco began in 1996 when a Belgian businessman acquired the retail store that had been operated there since 1962 by a competitor that was in difficulty at the time.\u2028After more than 6 months of major works to renovate the premises from top to bottom, the business set about regaining its customer base, initially under the \u201cNopri\u201d trading name (for a few months) and then renamed as \u201cLa Grande Epicerie d\u2019Uccle Fort-Jaco\u201d. It wasn\u2019t easy, because we had to convince the demanding customers from this very lovely part of Brussels who had adopted new habits for buying their quality foods to come back to us. In fact, we even had to approach passersby walking along the pavement on the Chauss\u00e9e de Waterloo to invite them to come into the store to discover our new retail space\u2026[\/vc_column_text][\/vc_column][vc_column css_animation=&#8221;fadeIn&#8221; width=&#8221;1\/2&#8243;][vc_single_image image=&#8221;1185&#8243; img_size=&#8221;600&#215;600&#8243; alignment=&#8221;right&#8221; css_animation=&#8221;right-to-left&#8221; css=&#8221;.vc_custom_1597237549401{margin-right: -20% !important;margin-bottom: 0px !important;}&#8221;][\/vc_column][\/vc_row][vc_row gap=&#8221;30&#8243; full_height=&#8221;yes&#8221; content_placement=&#8221;middle&#8221; bg_type=&#8221;grad&#8221; bg_override=&#8221;ex-full&#8221; bg_grad=&#8221;background: -webkit-gradient(linear, left top, left bottom, color-stop(35%, #F8F7FB), color-stop(35%, #FFFFFF));background: -moz-linear-gradient(left,#F8F7FB 35%,#FFFFFF 35%);background: -webkit-linear-gradient(left,#F8F7FB 35%,#FFFFFF 35%);background: -o-linear-gradient(left,#F8F7FB 35%,#FFFFFF 35%);background: -ms-linear-gradient(left,#F8F7FB 35%,#FFFFFF 35%);background: linear-gradient(left,#F8F7FB 35%,#FFFFFF 35%);&#8221; css=&#8221;.vc_custom_1597236174087{padding-top: 50px !important;padding-bottom: 50px !important;}&#8221;][vc_column css_animation=&#8221;fadeIn&#8221; width=&#8221;1\/2&#8243;][vc_column_text css=&#8221;.vc_custom_1597239750573{margin-left: -20% !important;}&#8221;]<\/p>\n<div style=\"width: 1200px;\" class=\"wp-video\"><video class=\"wp-video-shortcode\" id=\"video-1782-1\" width=\"1200\" height=\"675\" preload=\"auto\" controls=\"controls\"><source type=\"video\/mp4\" src=\"https:\/\/www.grandeepicerie.be\/wp-content\/uploads\/2020\/08\/video2.mp4?_=1\" \/><source type=\"video\/webm\" src=\"https:\/\/www.grandeepicerie.be\/wp-content\/uploads\/2020\/08\/video2.webm?_=1\" \/><source type=\"video\/ogg\" src=\"https:\/\/www.grandeepicerie.be\/wp-content\/uploads\/2020\/08\/video2.ogv?_=1\" \/><a href=\"https:\/\/www.grandeepicerie.be\/wp-content\/uploads\/2020\/08\/video2.mp4\">https:\/\/www.grandeepicerie.be\/wp-content\/uploads\/2020\/08\/video2.mp4<\/a><\/video><\/div>\n<p>[\/vc_column_text][\/vc_column][vc_column width=&#8221;1\/2&#8243;][vc_column_text]Supported by his family, this Belgian businessman managed to gradually regain market share by offering tens of thousands of quality products and providing outstanding service.<\/p>\n<p>Almost 25 years later, our shop has developed to become a purveyor of fine quality foods with a reputation that stretches throughout Belgium and abroad.<\/p>\n<p>With a team of more than 35 professionals on hand ready to advise you about your fruit and vegetables, fish, meat, charcuterie and cheeses, as well as your bakery and pastry items and traditional and organic food, our store does everything it can to offer you that little bit more that makes all the difference.<\/p>\n<p>Come and discover what we have to offer as you surprise and delight yourself when you visit us!<br \/>\nOur private car park has space for 48 cars and is available to you free of charge when you make a minimum purchase of \u20ac10 (maximum parking time: 1 hour).[\/vc_column_text][\/vc_column][\/vc_row][vc_row][vc_column][vc_column_text][instagram-feed][\/vc_column_text][\/vc_column][\/vc_row]<\/p>\n<\/div>","protected":false},"excerpt":{"rendered":"<p>[vc_row gap=&#8221;30&#8243; full_height=&#8221;yes&#8221; content_placement=&#8221;middle&#8221; bg_type=&#8221;grad&#8221; bg_override=&#8221;ex-full&#8221; bg_grad=&#8221;background: -webkit-gradient(linear, left top, left bottom, color-stop(0%, #F8F7FB), color-stop(50%, #F8F7FB), color-stop(50%, #FFFFFF));background: -moz-linear-gradient(top,#F8F7FB 0%,#F8F7FB 50%,#FFFFFF 50%);background: -webkit-linear-gradient(top,#F8F7FB 0%,#F8F7FB 50%,#FFFFFF 50%);background: -o-linear-gradient(top,#F8F7FB 0%,#F8F7FB 50%,#FFFFFF 50%);background: -ms-linear-gradient(top,#F8F7FB 0%,#F8F7FB 50%,#FFFFFF 50%);background: linear-gradient(top,#F8F7FB 0%,#F8F7FB 50%,#FFFFFF 50%);&#8221; css=&#8221;.vc_custom_1595944617557{margin-bottom: 50px !important;padding-top: 30px !important;padding-bottom: 30px !important;}&#8221;][vc_column width=&#8221;1\/2&#8243;][vc_column_text] About us The story of La Grande Epicerie at&hellip;<\/p>\n","protected":false},"author":1,"featured_media":0,"parent":0,"menu_order":4,"comment_status":"closed","ping_status":"closed","template":"","meta":{"footnotes":""},"class_list":["post-1782","page","type-page","status-publish","hentry","description-off"],"yoast_head":"<!-- This site is optimized with the Yoast SEO plugin v27.4 - https:\/\/yoast.com\/product\/yoast-seo-wordpress\/ -->\n<title>About us - La Grande \u00c9picerie \u00e0 Fort-Jaco \u00e0 Uccle<\/title>\n<meta name=\"description\" content=\"Notre magasin s\u2019est d\u00e9velopp\u00e9 pour devenir un acteur r\u00e9put\u00e9 sp\u00e9cialis\u00e9 en \u00e9picerie fine de qualit\u00e9 connu et reconnu en Belgique!\" \/>\n<meta name=\"robots\" content=\"index, follow, max-snippet:-1, max-image-preview:large, max-video-preview:-1\" \/>\n<link rel=\"canonical\" href=\"https:\/\/www.grandeepicerie.be\/en\/about-us\/\" \/>\n<meta property=\"og:locale\" content=\"en_US\" \/>\n<meta property=\"og:type\" content=\"article\" \/>\n<meta property=\"og:title\" content=\"About us - La Grande \u00c9picerie \u00e0 Fort-Jaco \u00e0 Uccle\" \/>\n<meta property=\"og:description\" content=\"Notre magasin s\u2019est d\u00e9velopp\u00e9 pour devenir un acteur r\u00e9put\u00e9 sp\u00e9cialis\u00e9 en \u00e9picerie fine de qualit\u00e9 connu et reconnu en Belgique!\" \/>\n<meta property=\"og:url\" content=\"https:\/\/www.grandeepicerie.be\/en\/about-us\/\" \/>\n<meta property=\"og:site_name\" content=\"La Grande \u00c9picerie\" \/>\n<meta property=\"article:modified_time\" content=\"2020-10-20T07:07:54+00:00\" \/>\n<meta name=\"twitter:card\" content=\"summary_large_image\" \/>\n<meta name=\"twitter:label1\" content=\"Est. reading time\" \/>\n\t<meta name=\"twitter:data1\" content=\"3 minutes\" \/>\n<script type=\"application\/ld+json\" class=\"yoast-schema-graph\">{\"@context\":\"https:\\\/\\\/schema.org\",\"@graph\":[{\"@type\":\"WebPage\",\"@id\":\"https:\\\/\\\/www.grandeepicerie.be\\\/en\\\/about-us\\\/\",\"url\":\"https:\\\/\\\/www.grandeepicerie.be\\\/en\\\/about-us\\\/\",\"name\":\"About us - La Grande \u00c9picerie \u00e0 Fort-Jaco \u00e0 Uccle\",\"isPartOf\":{\"@id\":\"https:\\\/\\\/www.grandeepicerie.be\\\/#website\"},\"datePublished\":\"2020-07-28T07:42:09+00:00\",\"dateModified\":\"2020-10-20T07:07:54+00:00\",\"description\":\"Notre magasin s\u2019est d\u00e9velopp\u00e9 pour devenir un acteur r\u00e9put\u00e9 sp\u00e9cialis\u00e9 en \u00e9picerie fine de qualit\u00e9 connu et reconnu en Belgique!\",\"breadcrumb\":{\"@id\":\"https:\\\/\\\/www.grandeepicerie.be\\\/en\\\/about-us\\\/#breadcrumb\"},\"inLanguage\":\"en-US\",\"potentialAction\":[{\"@type\":\"ReadAction\",\"target\":[\"https:\\\/\\\/www.grandeepicerie.be\\\/en\\\/about-us\\\/\"]}]},{\"@type\":\"BreadcrumbList\",\"@id\":\"https:\\\/\\\/www.grandeepicerie.be\\\/en\\\/about-us\\\/#breadcrumb\",\"itemListElement\":[{\"@type\":\"ListItem\",\"position\":1,\"name\":\"Home\",\"item\":\"https:\\\/\\\/www.grandeepicerie.be\\\/en\\\/\"},{\"@type\":\"ListItem\",\"position\":2,\"name\":\"About us\"}]},{\"@type\":\"WebSite\",\"@id\":\"https:\\\/\\\/www.grandeepicerie.be\\\/#website\",\"url\":\"https:\\\/\\\/www.grandeepicerie.be\\\/\",\"name\":\"La Grande \u00c9picerie\",\"description\":\"\",\"potentialAction\":[{\"@type\":\"SearchAction\",\"target\":{\"@type\":\"EntryPoint\",\"urlTemplate\":\"https:\\\/\\\/www.grandeepicerie.be\\\/?s={search_term_string}\"},\"query-input\":{\"@type\":\"PropertyValueSpecification\",\"valueRequired\":true,\"valueName\":\"search_term_string\"}}],\"inLanguage\":\"en-US\"}]}<\/script>\n<!-- \/ Yoast SEO plugin. -->","yoast_head_json":{"title":"About us - La Grande \u00c9picerie \u00e0 Fort-Jaco \u00e0 Uccle","description":"Notre magasin s\u2019est d\u00e9velopp\u00e9 pour devenir un acteur r\u00e9put\u00e9 sp\u00e9cialis\u00e9 en \u00e9picerie fine de qualit\u00e9 connu et reconnu en Belgique!","robots":{"index":"index","follow":"follow","max-snippet":"max-snippet:-1","max-image-preview":"max-image-preview:large","max-video-preview":"max-video-preview:-1"},"canonical":"https:\/\/www.grandeepicerie.be\/en\/about-us\/","og_locale":"en_US","og_type":"article","og_title":"About us - La Grande \u00c9picerie \u00e0 Fort-Jaco \u00e0 Uccle","og_description":"Notre magasin s\u2019est d\u00e9velopp\u00e9 pour devenir un acteur r\u00e9put\u00e9 sp\u00e9cialis\u00e9 en \u00e9picerie fine de qualit\u00e9 connu et reconnu en Belgique!","og_url":"https:\/\/www.grandeepicerie.be\/en\/about-us\/","og_site_name":"La Grande \u00c9picerie","article_modified_time":"2020-10-20T07:07:54+00:00","twitter_card":"summary_large_image","twitter_misc":{"Est. reading time":"3 minutes"},"schema":{"@context":"https:\/\/schema.org","@graph":[{"@type":"WebPage","@id":"https:\/\/www.grandeepicerie.be\/en\/about-us\/","url":"https:\/\/www.grandeepicerie.be\/en\/about-us\/","name":"About us - La Grande \u00c9picerie \u00e0 Fort-Jaco \u00e0 Uccle","isPartOf":{"@id":"https:\/\/www.grandeepicerie.be\/#website"},"datePublished":"2020-07-28T07:42:09+00:00","dateModified":"2020-10-20T07:07:54+00:00","description":"Notre magasin s\u2019est d\u00e9velopp\u00e9 pour devenir un acteur r\u00e9put\u00e9 sp\u00e9cialis\u00e9 en \u00e9picerie fine de qualit\u00e9 connu et reconnu en Belgique!","breadcrumb":{"@id":"https:\/\/www.grandeepicerie.be\/en\/about-us\/#breadcrumb"},"inLanguage":"en-US","potentialAction":[{"@type":"ReadAction","target":["https:\/\/www.grandeepicerie.be\/en\/about-us\/"]}]},{"@type":"BreadcrumbList","@id":"https:\/\/www.grandeepicerie.be\/en\/about-us\/#breadcrumb","itemListElement":[{"@type":"ListItem","position":1,"name":"Home","item":"https:\/\/www.grandeepicerie.be\/en\/"},{"@type":"ListItem","position":2,"name":"About us"}]},{"@type":"WebSite","@id":"https:\/\/www.grandeepicerie.be\/#website","url":"https:\/\/www.grandeepicerie.be\/","name":"La Grande \u00c9picerie","description":"","potentialAction":[{"@type":"SearchAction","target":{"@type":"EntryPoint","urlTemplate":"https:\/\/www.grandeepicerie.be\/?s={search_term_string}"},"query-input":{"@type":"PropertyValueSpecification","valueRequired":true,"valueName":"search_term_string"}}],"inLanguage":"en-US"}]}},"_links":{"self":[{"href":"https:\/\/www.grandeepicerie.be\/en\/wp-json\/wp\/v2\/pages\/1782","targetHints":{"allow":["GET"]}}],"collection":[{"href":"https:\/\/www.grandeepicerie.be\/en\/wp-json\/wp\/v2\/pages"}],"about":[{"href":"https:\/\/www.grandeepicerie.be\/en\/wp-json\/wp\/v2\/types\/page"}],"author":[{"embeddable":true,"href":"https:\/\/www.grandeepicerie.be\/en\/wp-json\/wp\/v2\/users\/1"}],"replies":[{"embeddable":true,"href":"https:\/\/www.grandeepicerie.be\/en\/wp-json\/wp\/v2\/comments?post=1782"}],"version-history":[{"count":3,"href":"https:\/\/www.grandeepicerie.be\/en\/wp-json\/wp\/v2\/pages\/1782\/revisions"}],"predecessor-version":[{"id":1785,"href":"https:\/\/www.grandeepicerie.be\/en\/wp-json\/wp\/v2\/pages\/1782\/revisions\/1785"}],"wp:attachment":[{"href":"https:\/\/www.grandeepicerie.be\/en\/wp-json\/wp\/v2\/media?parent=1782"}],"curies":[{"name":"wp","href":"https:\/\/api.w.org\/{rel}","templated":true}]}}