{"id":1653,"date":"2020-07-28T09:42:09","date_gmt":"2020-07-28T07:42:09","guid":{"rendered":"https:\/\/www.grandeepicerie.be\/a-propos\/"},"modified":"2020-10-15T13:45:26","modified_gmt":"2020-10-15T11:45:26","slug":"over-ons","status":"publish","type":"page","link":"https:\/\/www.grandeepicerie.be\/nl\/over-ons\/","title":{"rendered":"Over ons"},"content":{"rendered":"<div class=\"wpb-content-wrapper\"><p>[vc_row gap=&#8221;30&#8243; full_height=&#8221;yes&#8221; content_placement=&#8221;middle&#8221; bg_type=&#8221;grad&#8221; bg_override=&#8221;ex-full&#8221; bg_grad=&#8221;background: -webkit-gradient(linear, left top, left bottom, color-stop(0%, #F8F7FB), color-stop(50%, #F8F7FB), color-stop(50%, #FFFFFF));background: -moz-linear-gradient(top,#F8F7FB 0%,#F8F7FB 50%,#FFFFFF 50%);background: -webkit-linear-gradient(top,#F8F7FB 0%,#F8F7FB 50%,#FFFFFF 50%);background: -o-linear-gradient(top,#F8F7FB 0%,#F8F7FB 50%,#FFFFFF 50%);background: -ms-linear-gradient(top,#F8F7FB 0%,#F8F7FB 50%,#FFFFFF 50%);background: linear-gradient(top,#F8F7FB 0%,#F8F7FB 50%,#FFFFFF 50%);&#8221; css=&#8221;.vc_custom_1595944617557{margin-bottom: 50px !important;padding-top: 30px !important;padding-bottom: 30px !important;}&#8221;][vc_column width=&#8221;1\/2&#8243;][vc_column_text]<\/p>\n<h1>Over ons<\/h1>\n<p>Het verhaal van \u201cLa Grande Epicerie d\u2019Uccle Fort-Jaco\u201d begint in 1996 met de aankoop door een Belgische ondernemer van deze handelsruimte die sinds 1962 werd uitgebaat door een concurrent die het op dat moment moeilijk had.\u2028Na meer dan zes maanden van grote werken in het kader van een volledige renovatie van kelder tot zolder, moesten er opnieuw klanten worden gewonnen. Dat gebeurde eerst onder de merknaam \u201cNopri\u201d (enkele maanden) en nadien onder de naam \u201cLa Grande Epicerie d\u2019Uccle Fort-Jaco\u201d. Dat was bepaald niet gemakkelijk want de veeleisende klanten uit deze mooie Brusselse wijk moesten opnieuw worden overtuigd. Ze hadden immers nieuwe gewoonten aangenomen voor hun aankopen van kwaliteitsvoeding. Voor la petite histoire: er werden zelfs voorbijgangers op het voetpad langs de Waterloosesteenweg benaderd en uitgenodigd om een bezoekje aan de winkel te brengen en de nieuwe handelsruimte te ontdekken \u2026[\/vc_column_text][\/vc_column][vc_column css_animation=&#8221;fadeIn&#8221; width=&#8221;1\/2&#8243;][vc_single_image image=&#8221;1184&#8243; img_size=&#8221;600&#215;600&#8243; alignment=&#8221;right&#8221; css_animation=&#8221;right-to-left&#8221; css=&#8221;.vc_custom_1597237549401{margin-right: -20% !important;margin-bottom: 0px !important;}&#8221;][\/vc_column][\/vc_row][vc_row gap=&#8221;30&#8243; full_height=&#8221;yes&#8221; content_placement=&#8221;middle&#8221; bg_type=&#8221;grad&#8221; bg_override=&#8221;ex-full&#8221; bg_grad=&#8221;background: -webkit-gradient(linear, left top, left bottom, color-stop(35%, #F8F7FB), color-stop(35%, #FFFFFF));background: -moz-linear-gradient(left,#F8F7FB 35%,#FFFFFF 35%);background: -webkit-linear-gradient(left,#F8F7FB 35%,#FFFFFF 35%);background: -o-linear-gradient(left,#F8F7FB 35%,#FFFFFF 35%);background: -ms-linear-gradient(left,#F8F7FB 35%,#FFFFFF 35%);background: linear-gradient(left,#F8F7FB 35%,#FFFFFF 35%);&#8221; css=&#8221;.vc_custom_1597236174087{padding-top: 50px !important;padding-bottom: 50px !important;}&#8221;][vc_column css_animation=&#8221;fadeIn&#8221; width=&#8221;1\/2&#8243;][vc_column_text css=&#8221;.vc_custom_1597239750573{margin-left: -20% !important;}&#8221;]<\/p>\n<div style=\"width: 1200px;\" class=\"wp-video\"><video class=\"wp-video-shortcode\" id=\"video-1653-1\" width=\"1200\" height=\"675\" preload=\"auto\" controls=\"controls\"><source type=\"video\/mp4\" src=\"https:\/\/www.grandeepicerie.be\/wp-content\/uploads\/2020\/08\/video2.mp4?_=1\" \/><source type=\"video\/webm\" src=\"https:\/\/www.grandeepicerie.be\/wp-content\/uploads\/2020\/08\/video2.webm?_=1\" \/><source type=\"video\/ogg\" src=\"https:\/\/www.grandeepicerie.be\/wp-content\/uploads\/2020\/08\/video2.ogv?_=1\" \/><a href=\"https:\/\/www.grandeepicerie.be\/wp-content\/uploads\/2020\/08\/video2.mp4\">https:\/\/www.grandeepicerie.be\/wp-content\/uploads\/2020\/08\/video2.mp4<\/a><\/video><\/div>\n<p>[\/vc_column_text][\/vc_column][vc_column width=&#8221;1\/2&#8243;][vc_column_text]Met de steun van zijn familie wist deze Belgische ondernemer beetje bij beetje een marktaandeel te verwerven door tientallen duizenden kwaliteitsproducten en een voorbeeldige service aan te bieden.<\/p>\n<p>Bijna 25 jaar later is onze winkel uitgebouwd tot een gereputeerde specialist in kwaliteitsvolle kruidenierswaren die bekend en vermaard is in heel Belgi\u00eb en in het buitenland.<\/p>\n<p>Met een team van meer dan 35 professionals die klaarstaan om je te adviseren over groenten en fruit, vis, charcuterie en kaas, brood en gebak, en traditionele en biologische voeding, is onze winkel in vier delen opgesplitst zodat je altijd dat extraatje vindt dat het verschil maakt.<br \/>\nKom het zelf ontdekken en laat je verrassen!<\/p>\n<p>Onze priv\u00e9parking met 48 plaatsten staat gratis tot jouw beschikking vanaf een minimale aankoop van 10\u20ac (maximale duur: 1 uur).[\/vc_column_text][\/vc_column][\/vc_row][vc_row][vc_column][vc_column_text][instagram-feed][\/vc_column_text][\/vc_column][\/vc_row]<\/p>\n<\/div>","protected":false},"excerpt":{"rendered":"<p>[vc_row gap=&#8221;30&#8243; full_height=&#8221;yes&#8221; content_placement=&#8221;middle&#8221; bg_type=&#8221;grad&#8221; bg_override=&#8221;ex-full&#8221; bg_grad=&#8221;background: -webkit-gradient(linear, left top, left bottom, color-stop(0%, #F8F7FB), color-stop(50%, #F8F7FB), color-stop(50%, #FFFFFF));background: -moz-linear-gradient(top,#F8F7FB 0%,#F8F7FB 50%,#FFFFFF 50%);background: -webkit-linear-gradient(top,#F8F7FB 0%,#F8F7FB 50%,#FFFFFF 50%);background: -o-linear-gradient(top,#F8F7FB 0%,#F8F7FB 50%,#FFFFFF 50%);background: -ms-linear-gradient(top,#F8F7FB 0%,#F8F7FB 50%,#FFFFFF 50%);background: linear-gradient(top,#F8F7FB 0%,#F8F7FB 50%,#FFFFFF 50%);&#8221; css=&#8221;.vc_custom_1595944617557{margin-bottom: 50px !important;padding-top: 30px !important;padding-bottom: 30px !important;}&#8221;][vc_column width=&#8221;1\/2&#8243;][vc_column_text] Over ons Het verhaal van \u201cLa Grande Epicerie d\u2019Uccle&hellip;<\/p>\n","protected":false},"author":1,"featured_media":0,"parent":0,"menu_order":4,"comment_status":"closed","ping_status":"closed","template":"","meta":{"footnotes":""},"class_list":["post-1653","page","type-page","status-publish","hentry","description-off"],"yoast_head":"<!-- This site is optimized with the Yoast SEO plugin v27.6 - https:\/\/yoast.com\/product\/yoast-seo-wordpress\/ -->\n<title>Over ons - La Grande \u00c9picerie \u00e0 Fort-Jaco \u00e0 Uccle<\/title>\n<meta name=\"description\" content=\"Notre magasin s\u2019est d\u00e9velopp\u00e9 pour devenir un acteur r\u00e9put\u00e9 sp\u00e9cialis\u00e9 en \u00e9picerie fine de qualit\u00e9 connu et reconnu en Belgique!\" \/>\n<meta name=\"robots\" content=\"index, follow, max-snippet:-1, max-image-preview:large, max-video-preview:-1\" \/>\n<link rel=\"canonical\" href=\"https:\/\/www.grandeepicerie.be\/nl\/over-ons\/\" \/>\n<meta property=\"og:locale\" content=\"nl_NL\" \/>\n<meta property=\"og:type\" content=\"article\" \/>\n<meta property=\"og:title\" content=\"Over ons - La Grande \u00c9picerie \u00e0 Fort-Jaco \u00e0 Uccle\" \/>\n<meta property=\"og:description\" content=\"Notre magasin s\u2019est d\u00e9velopp\u00e9 pour devenir un acteur r\u00e9put\u00e9 sp\u00e9cialis\u00e9 en \u00e9picerie fine de qualit\u00e9 connu et reconnu en Belgique!\" \/>\n<meta property=\"og:url\" content=\"https:\/\/www.grandeepicerie.be\/nl\/over-ons\/\" \/>\n<meta property=\"og:site_name\" content=\"La Grande \u00c9picerie\" \/>\n<meta property=\"article:modified_time\" content=\"2020-10-15T11:45:26+00:00\" \/>\n<meta name=\"twitter:card\" content=\"summary_large_image\" \/>\n<meta name=\"twitter:label1\" content=\"Geschatte leestijd\" \/>\n\t<meta name=\"twitter:data1\" content=\"3 minuten\" \/>\n<script type=\"application\/ld+json\" class=\"yoast-schema-graph\">{\"@context\":\"https:\\\/\\\/schema.org\",\"@graph\":[{\"@type\":\"WebPage\",\"@id\":\"https:\\\/\\\/www.grandeepicerie.be\\\/nl\\\/over-ons\\\/\",\"url\":\"https:\\\/\\\/www.grandeepicerie.be\\\/nl\\\/over-ons\\\/\",\"name\":\"Over ons - La Grande \u00c9picerie \u00e0 Fort-Jaco \u00e0 Uccle\",\"isPartOf\":{\"@id\":\"https:\\\/\\\/www.grandeepicerie.be\\\/#website\"},\"datePublished\":\"2020-07-28T07:42:09+00:00\",\"dateModified\":\"2020-10-15T11:45:26+00:00\",\"description\":\"Notre magasin s\u2019est d\u00e9velopp\u00e9 pour devenir un acteur r\u00e9put\u00e9 sp\u00e9cialis\u00e9 en \u00e9picerie fine de qualit\u00e9 connu et reconnu en Belgique!\",\"breadcrumb\":{\"@id\":\"https:\\\/\\\/www.grandeepicerie.be\\\/nl\\\/over-ons\\\/#breadcrumb\"},\"inLanguage\":\"nl-NL\",\"potentialAction\":[{\"@type\":\"ReadAction\",\"target\":[\"https:\\\/\\\/www.grandeepicerie.be\\\/nl\\\/over-ons\\\/\"]}]},{\"@type\":\"BreadcrumbList\",\"@id\":\"https:\\\/\\\/www.grandeepicerie.be\\\/nl\\\/over-ons\\\/#breadcrumb\",\"itemListElement\":[{\"@type\":\"ListItem\",\"position\":1,\"name\":\"Home\",\"item\":\"https:\\\/\\\/www.grandeepicerie.be\\\/nl\\\/\"},{\"@type\":\"ListItem\",\"position\":2,\"name\":\"Over ons\"}]},{\"@type\":\"WebSite\",\"@id\":\"https:\\\/\\\/www.grandeepicerie.be\\\/#website\",\"url\":\"https:\\\/\\\/www.grandeepicerie.be\\\/\",\"name\":\"La Grande \u00c9picerie\",\"description\":\"\",\"potentialAction\":[{\"@type\":\"SearchAction\",\"target\":{\"@type\":\"EntryPoint\",\"urlTemplate\":\"https:\\\/\\\/www.grandeepicerie.be\\\/?s={search_term_string}\"},\"query-input\":{\"@type\":\"PropertyValueSpecification\",\"valueRequired\":true,\"valueName\":\"search_term_string\"}}],\"inLanguage\":\"nl-NL\"}]}<\/script>\n<!-- \/ Yoast SEO plugin. -->","yoast_head_json":{"title":"Over ons - La Grande \u00c9picerie \u00e0 Fort-Jaco \u00e0 Uccle","description":"Notre magasin s\u2019est d\u00e9velopp\u00e9 pour devenir un acteur r\u00e9put\u00e9 sp\u00e9cialis\u00e9 en \u00e9picerie fine de qualit\u00e9 connu et reconnu en Belgique!","robots":{"index":"index","follow":"follow","max-snippet":"max-snippet:-1","max-image-preview":"max-image-preview:large","max-video-preview":"max-video-preview:-1"},"canonical":"https:\/\/www.grandeepicerie.be\/nl\/over-ons\/","og_locale":"nl_NL","og_type":"article","og_title":"Over ons - La Grande \u00c9picerie \u00e0 Fort-Jaco \u00e0 Uccle","og_description":"Notre magasin s\u2019est d\u00e9velopp\u00e9 pour devenir un acteur r\u00e9put\u00e9 sp\u00e9cialis\u00e9 en \u00e9picerie fine de qualit\u00e9 connu et reconnu en Belgique!","og_url":"https:\/\/www.grandeepicerie.be\/nl\/over-ons\/","og_site_name":"La Grande \u00c9picerie","article_modified_time":"2020-10-15T11:45:26+00:00","twitter_card":"summary_large_image","twitter_misc":{"Geschatte leestijd":"3 minuten"},"schema":{"@context":"https:\/\/schema.org","@graph":[{"@type":"WebPage","@id":"https:\/\/www.grandeepicerie.be\/nl\/over-ons\/","url":"https:\/\/www.grandeepicerie.be\/nl\/over-ons\/","name":"Over ons - La Grande \u00c9picerie \u00e0 Fort-Jaco \u00e0 Uccle","isPartOf":{"@id":"https:\/\/www.grandeepicerie.be\/#website"},"datePublished":"2020-07-28T07:42:09+00:00","dateModified":"2020-10-15T11:45:26+00:00","description":"Notre magasin s\u2019est d\u00e9velopp\u00e9 pour devenir un acteur r\u00e9put\u00e9 sp\u00e9cialis\u00e9 en \u00e9picerie fine de qualit\u00e9 connu et reconnu en Belgique!","breadcrumb":{"@id":"https:\/\/www.grandeepicerie.be\/nl\/over-ons\/#breadcrumb"},"inLanguage":"nl-NL","potentialAction":[{"@type":"ReadAction","target":["https:\/\/www.grandeepicerie.be\/nl\/over-ons\/"]}]},{"@type":"BreadcrumbList","@id":"https:\/\/www.grandeepicerie.be\/nl\/over-ons\/#breadcrumb","itemListElement":[{"@type":"ListItem","position":1,"name":"Home","item":"https:\/\/www.grandeepicerie.be\/nl\/"},{"@type":"ListItem","position":2,"name":"Over ons"}]},{"@type":"WebSite","@id":"https:\/\/www.grandeepicerie.be\/#website","url":"https:\/\/www.grandeepicerie.be\/","name":"La Grande \u00c9picerie","description":"","potentialAction":[{"@type":"SearchAction","target":{"@type":"EntryPoint","urlTemplate":"https:\/\/www.grandeepicerie.be\/?s={search_term_string}"},"query-input":{"@type":"PropertyValueSpecification","valueRequired":true,"valueName":"search_term_string"}}],"inLanguage":"nl-NL"}]}},"_links":{"self":[{"href":"https:\/\/www.grandeepicerie.be\/nl\/wp-json\/wp\/v2\/pages\/1653","targetHints":{"allow":["GET"]}}],"collection":[{"href":"https:\/\/www.grandeepicerie.be\/nl\/wp-json\/wp\/v2\/pages"}],"about":[{"href":"https:\/\/www.grandeepicerie.be\/nl\/wp-json\/wp\/v2\/types\/page"}],"author":[{"embeddable":true,"href":"https:\/\/www.grandeepicerie.be\/nl\/wp-json\/wp\/v2\/users\/1"}],"replies":[{"embeddable":true,"href":"https:\/\/www.grandeepicerie.be\/nl\/wp-json\/wp\/v2\/comments?post=1653"}],"version-history":[{"count":3,"href":"https:\/\/www.grandeepicerie.be\/nl\/wp-json\/wp\/v2\/pages\/1653\/revisions"}],"predecessor-version":[{"id":1656,"href":"https:\/\/www.grandeepicerie.be\/nl\/wp-json\/wp\/v2\/pages\/1653\/revisions\/1656"}],"wp:attachment":[{"href":"https:\/\/www.grandeepicerie.be\/nl\/wp-json\/wp\/v2\/media?parent=1653"}],"curies":[{"name":"wp","href":"https:\/\/api.w.org\/{rel}","templated":true}]}}