{"id":1713,"date":"2020-07-28T09:42:26","date_gmt":"2020-07-28T07:42:26","guid":{"rendered":"https:\/\/www.grandeepicerie.be\/contact\/"},"modified":"2020-10-15T15:03:09","modified_gmt":"2020-10-15T13:03:09","slug":"contact","status":"publish","type":"page","link":"https:\/\/www.grandeepicerie.be\/nl\/contact\/","title":{"rendered":"Contact"},"content":{"rendered":"<div class=\"wpb-content-wrapper\"><p>[vc_row][vc_column width=&#8221;1\/2&#8243;]<div class=\"uavc-list-icon uavc-list-icon-wrapper ult-adjust-bottom-margin   \"><ul class=\"uavc-list\"><li><div class=\"uavc-list-content\" id=\"list-icon-wrap-3366\">\n<div class=\"uavc-list-icon  \" data-animation=\"\" data-animation-delay=\"03\" style=\"margin-right:15px;\"><div class=\"ult-just-icon-wrapper  \"><div class=\"align-icon\" style=\"text-align:center;\">\n<div class=\"aio-icon circle \"  style=\"color:#2a196f;background:#f8f7fc;font-size:30px;display:inline-block;\">\n\t<i class=\"icomoon-the7-font-the7-map-04\"><\/i>\n<\/div><\/div><\/div>\n<\/div><span  data-ultimate-target='#list-icon-wrap-3366 .uavc-list-desc'  data-responsive-json-new='{\"font-size\":\"\",\"line-height\":\"\"}'  class=\"uavc-list-desc ult-responsive\" style=\"\">Waterloosesteenweg 1331<br \/>\n1180 Ukkel<\/span><\/div><\/li><li><div class=\"uavc-list-content\" id=\"list-icon-wrap-5792\">\n<div class=\"uavc-list-icon  \" data-animation=\"\" data-animation-delay=\"03\" style=\"margin-right:15px;\"><div class=\"ult-just-icon-wrapper  \"><div class=\"align-icon\" style=\"text-align:center;\">\n<div class=\"aio-icon circle \"  style=\"color:#2a196f;background:#f8f7fc;font-size:30px;display:inline-block;\">\n\t<i class=\"icomoon-the7-font-the7-phone-05\"><\/i>\n<\/div><\/div><\/div>\n<\/div><span  data-ultimate-target='#list-icon-wrap-5792 .uavc-list-desc'  data-responsive-json-new='{\"font-size\":\"\",\"line-height\":\"\"}'  class=\"uavc-list-desc ult-responsive\" style=\"\">Tel: 02\/375.22.75<br \/>\nFax: 02\/375.77.67<\/span><\/div><\/li><li><div class=\"uavc-list-content\" id=\"list-icon-wrap-6540\">\n<div class=\"uavc-list-icon  \" data-animation=\"\" data-animation-delay=\"03\" style=\"margin-right:15px;\"><div class=\"ult-just-icon-wrapper  \"><div class=\"align-icon\" style=\"text-align:center;\">\n<div class=\"aio-icon circle \"  style=\"color:#2a196f;background:#f8f7fc;font-size:30px;display:inline-block;\">\n\t<i class=\"icomoon-the7-font-the7-mail-011\"><\/i>\n<\/div><\/div><\/div>\n<\/div><span  data-ultimate-target='#list-icon-wrap-6540 .uavc-list-desc'  data-responsive-json-new='{\"font-size\":\"\",\"line-height\":\"\"}'  class=\"uavc-list-desc ult-responsive\" style=\"\"><a href=\"mailto:info@grandeepicerie.be\"> info@grandeepicerie.be<\/a><\/span><\/div><\/li><li><div class=\"uavc-list-content\" id=\"list-icon-wrap-7477\">\n<div class=\"uavc-list-icon  \" data-animation=\"\" data-animation-delay=\"03\" style=\"margin-right:15px;\"><div class=\"ult-just-icon-wrapper  \"><div class=\"align-icon\" style=\"text-align:center;\">\n<div class=\"aio-icon circle \"  style=\"color:#2a196f;background:#f8f7fc;font-size:30px;display:inline-block;\">\n\t<i class=\"fas fa-car\"><\/i>\n<\/div><\/div><\/div>\n<\/div><span  data-ultimate-target='#list-icon-wrap-7477 .uavc-list-desc'  data-responsive-json-new='{\"font-size\":\"\",\"line-height\":\"\"}'  class=\"uavc-list-desc ult-responsive\" style=\"\">Gratis priv\u00e9parking vanaf een minimale aankoop van 10\u20ac<br \/>\n(maximale duur: 1 uur).<\/span><\/div><\/li><\/ul><\/div>[\/vc_column][vc_column width=&#8221;1\/2&#8243;]<div class=\"uavc-list-icon uavc-list-icon-wrapper ult-adjust-bottom-margin   \"><ul class=\"uavc-list\"><li><div class=\"uavc-list-content\" id=\"list-icon-wrap-6490\">\n<div class=\"uavc-list-icon  \" data-animation=\"\" data-animation-delay=\"03\" style=\"margin-right:15px;\"><div class=\"ult-just-icon-wrapper  \"><div class=\"align-icon\" style=\"text-align:center;\">\n<div class=\"aio-icon circle \"  style=\"color:#2a196f;background:#f8f7fc;font-size:30px;display:inline-block;\">\n\t<i class=\"icomoon-the7-font-the7-clock-01\"><\/i>\n<\/div><\/div><\/div>\n<\/div><span  data-ultimate-target='#list-icon-wrap-6490 .uavc-list-desc'  data-responsive-json-new='{\"font-size\":\"\",\"line-height\":\"\"}'  class=\"uavc-list-desc ult-responsive\" style=\"\"><\/p>\n<h3>Openingsuren<\/h3>\n<p>Maandag\u00a0 \u00a0 \u00a0 \u00a0 \u00a0 \u00a08.30 &#8211; 19.00 uur<br \/>\nDinsdag\u00a0 \u00a0 \u00a0 \u00a0 \u00a0 \u00a0 \u00a08.30 &#8211; 19.00 uur<br \/>\nWoensdag\u00a0 \u00a0 \u00a0 \u00a0 \u00a08.30 &#8211; 19.00 uur<br \/>\nDonderdag\u00a0 \u00a0 \u00a0 \u00a0 8.30 &#8211; 19.00 uur<br \/>\nVrijdag\u00a0 \u00a0 \u00a0 \u00a0 \u00a0 \u00a0 \u00a0 \u00a08.30 &#8211; 19.00 uur<br \/>\nZaterdag\u00a0 \u00a0 \u00a0 \u00a0 \u00a0 \u00a08.30 &#8211; 19.00 uur<br \/>\nZondag\u00a0 \u00a0 \u00a0 \u00a0 \u00a0 \u00a0 \u00a0gesloten<\/span><\/div><\/li><\/ul><\/div>[\/vc_column][\/vc_row][vc_row gap=&#8221;25&#8243; bg_type=&#8221;grad&#8221; bg_override=&#8221;ex-full&#8221; el_class=&#8221;custom-center custom-animate&#8221; bg_grad=&#8221;background: -webkit-gradient(linear, left top, left bottom, color-stop(20%, #FFFFFF), color-stop(20%, #F8F7FA), color-stop(80%, #F8F7FA), color-stop(80%, #FFFFFF));background: -moz-linear-gradient(top,#FFFFFF 20%,#F8F7FA 20%,#F8F7FA 80%,#FFFFFF 80%);background: -webkit-linear-gradient(top,#FFFFFF 20%,#F8F7FA 20%,#F8F7FA 80%,#FFFFFF 80%);background: -o-linear-gradient(top,#FFFFFF 20%,#F8F7FA 20%,#F8F7FA 80%,#FFFFFF 80%);background: -ms-linear-gradient(top,#FFFFFF 20%,#F8F7FA 20%,#F8F7FA 80%,#FFFFFF 80%);background: linear-gradient(top,#FFFFFF 20%,#F8F7FA 20%,#F8F7FA 80%,#FFFFFF 80%);&#8221; css=&#8221;.vc_custom_1595948446489{margin-bottom: 100px !important;}&#8221;][vc_column css_animation=&#8221;fadeIn&#8221;]<div id='wrap_map_6a09820ea9848' class='ultimate-map-wrapper ult-adjust-bottom-margin ' style='margin-top0pxmargin-right0pxmargin-bottom35pxmargin-left0px height:400px;'><div id='map_6a09820ea9848' data-map_override='0' class='ultimate_google_map wpb_content_element ' style='width:100%;height:400px;'><\/div><\/div><script type='text\/javascript'>\n\t\t\t(function($) {\n  \t\t\t'use strict';\n\t\t\tvar map_map_6a09820ea9848 = null;\n\t\t\tvar coordinate_map_6a09820ea9848;\n\t\t\tvar isDraggable = $(document).width() > 641 ? 'true' : 'true';\n\t\t\ttry\n\t\t\t{\n\t\t\t\tvar map_map_6a09820ea9848 = null;\n\t\t\t\tvar coordinate_map_6a09820ea9848;\n\t\t\t\tcoordinate_map_6a09820ea9848 = new google.maps.LatLng(50.791353, 4.373989);\n\t\t\t\tvar mapOptions=\n\t\t\t\t{\n\t\t\t\t\tzoom: 15,\n\t\t\t\t\tcenter: coordinate_map_6a09820ea9848,\n\t\t\t\t\tscaleControl: true,\n\t\t\t\t\tstreetViewControl: false,\n\t\t\t\t\tmapTypeControl: false,\n\t\t\t\t\tpanControl: false,\n\t\t\t\t\tzoomControl: true,\n\t\t\t\t\tscrollwheel: false,\n\t\t\t\t\tdraggable: isDraggable,\n\t\t\t\t\tzoomControlOptions: {\n\t\t\t\t\t\tposition: google.maps.ControlPosition.right_bottom\n\t\t\t\t\t}, mapTypeControlOptions: {\n\t\t\t\t\t\t\tmapTypeIds: [google.maps.MapTypeId.roadmap, 'map_style']\n\t\t\t\t\t\t}};var styles = [\n    {\n        \"featureType\": \"water\",\n        \"elementType\": \"geometry\",\n        \"stylers\": [\n            {\n                \"color\": \"#e9e9e9\"\n            },\n            {\n                \"lightness\": 17\n            }\n        ]\n    },\n    {\n        \"featureType\": \"landscape\",\n        \"elementType\": \"geometry\",\n        \"stylers\": [\n            {\n                \"color\": \"#f5f5f5\"\n            },\n            {\n                \"lightness\": 20\n            }\n        ]\n    },\n    {\n        \"featureType\": \"road.highway\",\n        \"elementType\": \"geometry.fill\",\n        \"stylers\": [\n            {\n                \"color\": \"#ffffff\"\n            },\n            {\n                \"lightness\": 17\n            }\n        ]\n    },\n    {\n        \"featureType\": \"road.highway\",\n        \"elementType\": \"geometry.stroke\",\n        \"stylers\": [\n            {\n                \"color\": \"#ffffff\"\n            },\n            {\n                \"lightness\": 29\n            },\n            {\n                \"weight\": 0.2\n            }\n        ]\n    },\n    {\n        \"featureType\": \"road.arterial\",\n        \"elementType\": \"geometry\",\n        \"stylers\": [\n            {\n                \"color\": \"#ffffff\"\n            },\n            {\n                \"lightness\": 18\n            }\n        ]\n    },\n    {\n        \"featureType\": \"road.local\",\n        \"elementType\": \"geometry\",\n        \"stylers\": [\n            {\n                \"color\": \"#ffffff\"\n            },\n            {\n                \"lightness\": 16\n            }\n        ]\n    },\n    {\n        \"featureType\": \"poi\",\n        \"elementType\": \"geometry\",\n        \"stylers\": [\n            {\n                \"color\": \"#f5f5f5\"\n            },\n            {\n                \"lightness\": 21\n            }\n        ]\n    },\n    {\n        \"featureType\": \"poi.park\",\n        \"elementType\": \"geometry\",\n        \"stylers\": [\n            {\n                \"color\": \"#dedede\"\n            },\n            {\n                \"lightness\": 21\n            }\n        ]\n    },\n    {\n        \"elementType\": \"labels.text.stroke\",\n        \"stylers\": [\n            {\n                \"visibility\": \"on\"\n            },\n            {\n                \"color\": \"#ffffff\"\n            },\n            {\n                \"lightness\": 16\n            }\n        ]\n    },\n    {\n        \"elementType\": \"labels.text.fill\",\n        \"stylers\": [\n            {\n                \"saturation\": 36\n            },\n            {\n                \"color\": \"#333333\"\n            },\n            {\n                \"lightness\": 40\n            }\n        ]\n    },\n    {\n        \"elementType\": \"labels.icon\",\n        \"stylers\": [\n            {\n                \"visibility\": \"off\"\n            }\n        ]\n    },\n    {\n        \"featureType\": \"transit\",\n        \"elementType\": \"geometry\",\n        \"stylers\": [\n            {\n                \"color\": \"#f2f2f2\"\n            },\n            {\n                \"lightness\": 19\n            }\n        ]\n    },\n    {\n        \"featureType\": \"administrative\",\n        \"elementType\": \"geometry.fill\",\n        \"stylers\": [\n            {\n                \"color\": \"#fefefe\"\n            },\n            {\n                \"lightness\": 20\n            }\n        ]\n    },\n    {\n        \"featureType\": \"administrative\",\n        \"elementType\": \"geometry.stroke\",\n        \"stylers\": [\n            {\n                \"color\": \"#fefefe\"\n            },\n            {\n                \"lightness\": 17\n            },\n            {\n                \"weight\": 1.2\n            }\n        ]\n    }\n]; var styledMap = new google.maps.StyledMapType(styles,{name: \"Styled Map\"});var map_map_6a09820ea9848 = new google.maps.Map(document.getElementById('map_6a09820ea9848'),mapOptions);map_map_6a09820ea9848.mapTypes.set('map_style', styledMap);\n \t\t\t\t\t\t\t map_map_6a09820ea9848.setMapTypeId('map_style');\n\t\t\t\t\t\tvar x = 'infowindow_open_value';\n\t\t\t\t\t\tvar marker_map_6a09820ea9848 = new google.maps.Marker({\n\t\t\t\t\t\tposition: new google.maps.LatLng('50.791353', '4.373989'),\n\t\t\t\t\t\tanimation:  google.maps.Animation.DROP,\n\t\t\t\t\t\tmap: map_map_6a09820ea9848,\n\t\t\t\t\t\ticon: 'https:\/\/www.grandeepicerie.be\/wp-content\/uploads\/2020\/08\/map.png'\n\t\t\t\t\t});\tgoogle.maps.event.addListener(marker_map_6a09820ea9848, 'click', toggleBounce);}\n\t\t\tcatch(e){};\n\t\t\tjQuery(document).ready(function($){\n\t\t\t\tgoogle.maps.event.trigger(map_map_6a09820ea9848, 'resize');\n\t\t\t\t$(window).on('resize', function(){\n\t\t\t\t\tgoogle.maps.event.trigger(map_map_6a09820ea9848, 'resize');\n\t\t\t\t\tif(map_map_6a09820ea9848!=null)\n\t\t\t\t\t\tmap_map_6a09820ea9848.setCenter(coordinate_map_6a09820ea9848);\n\t\t\t\t});\n\t\t\t\t$('.ui-tabs').on('tabsactivate', function(event, ui) {\n\t\t\t\t   if($(this).find('.ultimate-map-wrapper').length > 0)\n\t\t\t\t\t{\n\t\t\t\t\t\tsetTimeout(function(){\n\t\t\t\t\t\t\t$(window).trigger('resize');\n\t\t\t\t\t\t},200);\n\t\t\t\t\t}\n\t\t\t\t});\n\t\t\t\t$('.ui-accordion').on('accordionactivate', function(event, ui) {\n\t\t\t\t   if($(this).find('.ultimate-map-wrapper').length > 0)\n\t\t\t\t\t{\n\t\t\t\t\t\tsetTimeout(function(){\n\t\t\t\t\t\t\t$(window).trigger('resize');\n\t\t\t\t\t\t},200);\n\t\t\t\t\t}\n\t\t\t\t});\n\t\t\t\t$(window).on('load',function(){\n\t\t\t\t\tsetTimeout(function(){\n\t\t\t\t\t\t$(window).trigger('resize');\n\t\t\t\t\t},200);\n\t\t\t\t});\n\t\t\t\t$('.ult_exp_section').on('select', function(){\n\t\t\t\t\tif($(map_map_6a09820ea9848).parents('.ult_exp_section'))\n\t\t\t\t\t{\n\t\t\t\t\t\tsetTimeout(function(){\n\t\t\t\t\t\t\t$(window).trigger('resize');\n\t\t\t\t\t\t},200);\n\t\t\t\t\t}\n\t\t\t\t});\n\t\t\t\t$(document).on('onUVCModalPopupOpen', function(){\n\t\t\t\t\tif($(map_map_6a09820ea9848).parents('.ult_modal-content'))\n\t\t\t\t\t{\n\t\t\t\t\t\tsetTimeout(function(){\n\t\t\t\t\t\t\t$(window).trigger('resize');\n\t\t\t\t\t\t},200);\n\t\t\t\t\t}\n\t\t\t\t});\n\t\t\t\t$(document).on('click','.ult_tab_li',function(){\n\t\t\t\t\t$(window).trigger('resize');\n\t\t\t\t\tsetTimeout(function(){\n\t\t\t\t\t\t$(window).trigger('resize');\n\t\t\t\t\t},200);\n\t\t\t\t});\n\t\t\t});\n\t\t\tfunction toggleBounce() {\n\t\t\t  if (marker_map_6a09820ea9848.getAnimation() != null) {\n\t\t\t\tmarker_map_6a09820ea9848.setAnimation(null);\n\t\t\t  } else {\n\t\t\t\tmarker_map_6a09820ea9848.setAnimation(google.maps.Animation.BOUNCE);\n\t\t\t  }\n\t\t\t}\n\t\t\t})(jQuery);\n\t\t\t<\/script>[\/vc_column][\/vc_row][vc_row bg_type=&#8221;bg_color&#8221; css=&#8221;.vc_custom_1595948149625{margin-top: 50px !important;padding-top: 30px !important;padding-bottom: 30px !important;}&#8221; bg_color_value=&#8221;#f7f6fa&#8221;][vc_column width=&#8221;1\/4&#8243;][\/vc_column][vc_column width=&#8221;1\/2&#8243;][vc_column_text css=&#8221;.vc_custom_1602766773282{margin-bottom: 20px !important;}&#8221;]<\/p>\n<h3 style=\"text-align: center;\">Stuur ons een bericht<\/h3>\n<p>[\/vc_column_text]\n<div class=\"wpcf7 no-js\" id=\"wpcf7-f1717-o1\" lang=\"fr-FR\" dir=\"ltr\" data-wpcf7-id=\"1717\">\n<div class=\"screen-reader-response\"><p role=\"status\" aria-live=\"polite\" aria-atomic=\"true\"><\/p> <ul><\/ul><\/div>\n<form action=\"\/nl\/wp-json\/wp\/v2\/pages\/1713#wpcf7-f1717-o1\" method=\"post\" class=\"wpcf7-form init\" aria-label=\"Formulaire de contact\" novalidate=\"novalidate\" data-status=\"init\">\n<fieldset class=\"hidden-fields-container\"><input type=\"hidden\" name=\"_wpcf7\" value=\"1717\" \/><input type=\"hidden\" name=\"_wpcf7_version\" value=\"6.1.6\" \/><input type=\"hidden\" name=\"_wpcf7_locale\" value=\"fr_FR\" \/><input type=\"hidden\" name=\"_wpcf7_unit_tag\" value=\"wpcf7-f1717-o1\" \/><input type=\"hidden\" name=\"_wpcf7_container_post\" value=\"0\" \/><input type=\"hidden\" name=\"_wpcf7_posted_data_hash\" value=\"\" \/><input type=\"hidden\" name=\"_wpcf7_recaptcha_response\" value=\"\" \/>\n<\/fieldset>\n<p><label>Voornam *<\/label><br \/>\n<span class=\"wpcf7-form-control-wrap\" data-name=\"prenom\"><input size=\"40\" maxlength=\"400\" class=\"wpcf7-form-control wpcf7-text wpcf7-validates-as-required\" aria-required=\"true\" aria-invalid=\"false\" value=\"\" type=\"text\" name=\"prenom\" \/><\/span>\n<\/p>\n<p><label>Naam *<\/label><br \/>\n<span class=\"wpcf7-form-control-wrap\" data-name=\"nom\"><input size=\"40\" maxlength=\"400\" class=\"wpcf7-form-control wpcf7-text wpcf7-validates-as-required\" aria-required=\"true\" aria-invalid=\"false\" value=\"\" type=\"text\" name=\"nom\" \/><\/span>\n<\/p>\n<p><label>E-mailadres *<\/label><br \/>\n<span class=\"wpcf7-form-control-wrap\" data-name=\"email\"><input size=\"40\" maxlength=\"400\" class=\"wpcf7-form-control wpcf7-email wpcf7-validates-as-required wpcf7-text wpcf7-validates-as-email\" aria-required=\"true\" aria-invalid=\"false\" value=\"\" type=\"email\" name=\"email\" \/><\/span>\n<\/p>\n<p><label>Telefoon\/MMS<\/label><br \/>\n<span class=\"wpcf7-form-control-wrap\" data-name=\"telephone\"><input size=\"40\" maxlength=\"400\" class=\"wpcf7-form-control wpcf7-tel wpcf7-text wpcf7-validates-as-tel\" aria-invalid=\"false\" value=\"\" type=\"tel\" name=\"telephone\" \/><\/span>\n<\/p>\n<p><label>Bericht *<\/label><br \/>\n<span class=\"wpcf7-form-control-wrap\" data-name=\"message\"><textarea cols=\"1\" rows=\"3\" maxlength=\"2000\" class=\"wpcf7-form-control wpcf7-textarea wpcf7-validates-as-required\" aria-required=\"true\" aria-invalid=\"false\" name=\"message\"><\/textarea><\/span>\n<\/p>\n<p> Door dit formulier terug te sturen, aanvaard je dat La Grande \u00c9picerie de verzamelde informatie bewaart en gebruikt om je vraag te behandelen. Meer informatie over ons privacybeleid vind je <a href=\"https:\/\/www.grandeepicerie.be\/politique-de-la-vie-privee\/\" target=\"_blank\">hier<\/a>\n<\/p>\n<p><span class=\"wpcf7-form-control-wrap\" data-name=\"privacy\"><span class=\"wpcf7-form-control wpcf7-acceptance\"><span class=\"wpcf7-list-item\"><label><input type=\"checkbox\" name=\"privacy\" value=\"1\" aria-invalid=\"false\" \/><span class=\"wpcf7-list-item-label\">Ja, ik geef toestemming<\/span><\/label><\/span><\/span><\/span>\n<\/p>\n<p><input class=\"wpcf7-form-control wpcf7-submit has-spinner\" type=\"submit\" value=\"Verzend\" \/>\n<\/p><div class=\"wpcf7-response-output\" aria-hidden=\"true\"><\/div>\n<\/form>\n<\/div>\n[\/vc_column][vc_column width=&#8221;1\/4&#8243;][\/vc_column][\/vc_row]<\/p>\n<\/div>","protected":false},"excerpt":{"rendered":"<p>[vc_row][vc_column width=&#8221;1\/2&#8243;][\/vc_column][vc_column width=&#8221;1\/2&#8243;][\/vc_column][\/vc_row][vc_row gap=&#8221;25&#8243; bg_type=&#8221;grad&#8221; bg_override=&#8221;ex-full&#8221; el_class=&#8221;custom-center custom-animate&#8221; bg_grad=&#8221;background: -webkit-gradient(linear, left top, left bottom, color-stop(20%, #FFFFFF), color-stop(20%, #F8F7FA), color-stop(80%, #F8F7FA), color-stop(80%, #FFFFFF));background: -moz-linear-gradient(top,#FFFFFF 20%,#F8F7FA 20%,#F8F7FA 80%,#FFFFFF 80%);background: -webkit-linear-gradient(top,#FFFFFF 20%,#F8F7FA 20%,#F8F7FA 80%,#FFFFFF 80%);background: -o-linear-gradient(top,#FFFFFF 20%,#F8F7FA 20%,#F8F7FA 80%,#FFFFFF 80%);background: -ms-linear-gradient(top,#FFFFFF 20%,#F8F7FA 20%,#F8F7FA 80%,#FFFFFF 80%);background: linear-gradient(top,#FFFFFF 20%,#F8F7FA 20%,#F8F7FA 80%,#FFFFFF 80%);&#8221; css=&#8221;.vc_custom_1595948446489{margin-bottom: 100px !important;}&#8221;][vc_column css_animation=&#8221;fadeIn&#8221;][\/vc_column][\/vc_row][vc_row bg_type=&#8221;bg_color&#8221; css=&#8221;.vc_custom_1595948149625{margin-top: 50px !important;padding-top:&hellip;<\/p>\n","protected":false},"author":1,"featured_media":0,"parent":0,"menu_order":5,"comment_status":"closed","ping_status":"closed","template":"","meta":{"footnotes":""},"class_list":["post-1713","page","type-page","status-publish","hentry","description-off"],"yoast_head":"<!-- This site is optimized with the Yoast SEO plugin v27.6 - https:\/\/yoast.com\/product\/yoast-seo-wordpress\/ -->\n<title>La Grande \u00c9picerie d\u2019Uccle Fort-Jaco ! Supermarch\u00e9 \u00e0 taille humaine<\/title>\n<meta name=\"description\" content=\"Chauss\u00e9e de Waterloo 1331, 1180 Uccle Fort-Jaco! Parking priv\u00e9 gratuit \u00e0 partir d\u2019un minimum d\u2019achat de 10\u20ac\" \/>\n<meta name=\"robots\" content=\"index, follow, max-snippet:-1, max-image-preview:large, max-video-preview:-1\" \/>\n<link rel=\"canonical\" href=\"https:\/\/www.grandeepicerie.be\/nl\/contact\/\" \/>\n<meta property=\"og:locale\" content=\"nl_NL\" \/>\n<meta property=\"og:type\" content=\"article\" \/>\n<meta property=\"og:title\" content=\"La Grande \u00c9picerie d\u2019Uccle Fort-Jaco ! Supermarch\u00e9 \u00e0 taille humaine\" \/>\n<meta property=\"og:description\" content=\"Chauss\u00e9e de Waterloo 1331, 1180 Uccle Fort-Jaco! Parking priv\u00e9 gratuit \u00e0 partir d\u2019un minimum d\u2019achat de 10\u20ac\" \/>\n<meta property=\"og:url\" content=\"https:\/\/www.grandeepicerie.be\/nl\/contact\/\" \/>\n<meta property=\"og:site_name\" content=\"La Grande \u00c9picerie\" \/>\n<meta property=\"article:modified_time\" content=\"2020-10-15T13:03:09+00:00\" \/>\n<meta name=\"twitter:card\" content=\"summary_large_image\" \/>\n<meta name=\"twitter:label1\" content=\"Geschatte leestijd\" \/>\n\t<meta name=\"twitter:data1\" content=\"3 minuten\" \/>\n<script type=\"application\/ld+json\" class=\"yoast-schema-graph\">{\"@context\":\"https:\\\/\\\/schema.org\",\"@graph\":[{\"@type\":\"WebPage\",\"@id\":\"https:\\\/\\\/www.grandeepicerie.be\\\/nl\\\/contact\\\/\",\"url\":\"https:\\\/\\\/www.grandeepicerie.be\\\/nl\\\/contact\\\/\",\"name\":\"La Grande \u00c9picerie d\u2019Uccle Fort-Jaco ! Supermarch\u00e9 \u00e0 taille humaine\",\"isPartOf\":{\"@id\":\"https:\\\/\\\/www.grandeepicerie.be\\\/#website\"},\"datePublished\":\"2020-07-28T07:42:26+00:00\",\"dateModified\":\"2020-10-15T13:03:09+00:00\",\"description\":\"Chauss\u00e9e de Waterloo 1331, 1180 Uccle Fort-Jaco! Parking priv\u00e9 gratuit \u00e0 partir d\u2019un minimum d\u2019achat de 10\u20ac\",\"breadcrumb\":{\"@id\":\"https:\\\/\\\/www.grandeepicerie.be\\\/nl\\\/contact\\\/#breadcrumb\"},\"inLanguage\":\"nl-NL\",\"potentialAction\":[{\"@type\":\"ReadAction\",\"target\":[\"https:\\\/\\\/www.grandeepicerie.be\\\/nl\\\/contact\\\/\"]}]},{\"@type\":\"BreadcrumbList\",\"@id\":\"https:\\\/\\\/www.grandeepicerie.be\\\/nl\\\/contact\\\/#breadcrumb\",\"itemListElement\":[{\"@type\":\"ListItem\",\"position\":1,\"name\":\"Home\",\"item\":\"https:\\\/\\\/www.grandeepicerie.be\\\/nl\\\/\"},{\"@type\":\"ListItem\",\"position\":2,\"name\":\"Contact\"}]},{\"@type\":\"WebSite\",\"@id\":\"https:\\\/\\\/www.grandeepicerie.be\\\/#website\",\"url\":\"https:\\\/\\\/www.grandeepicerie.be\\\/\",\"name\":\"La Grande \u00c9picerie\",\"description\":\"\",\"potentialAction\":[{\"@type\":\"SearchAction\",\"target\":{\"@type\":\"EntryPoint\",\"urlTemplate\":\"https:\\\/\\\/www.grandeepicerie.be\\\/?s={search_term_string}\"},\"query-input\":{\"@type\":\"PropertyValueSpecification\",\"valueRequired\":true,\"valueName\":\"search_term_string\"}}],\"inLanguage\":\"nl-NL\"}]}<\/script>\n<!-- \/ Yoast SEO plugin. -->","yoast_head_json":{"title":"La Grande \u00c9picerie d\u2019Uccle Fort-Jaco ! Supermarch\u00e9 \u00e0 taille humaine","description":"Chauss\u00e9e de Waterloo 1331, 1180 Uccle Fort-Jaco! Parking priv\u00e9 gratuit \u00e0 partir d\u2019un minimum d\u2019achat de 10\u20ac","robots":{"index":"index","follow":"follow","max-snippet":"max-snippet:-1","max-image-preview":"max-image-preview:large","max-video-preview":"max-video-preview:-1"},"canonical":"https:\/\/www.grandeepicerie.be\/nl\/contact\/","og_locale":"nl_NL","og_type":"article","og_title":"La Grande \u00c9picerie d\u2019Uccle Fort-Jaco ! Supermarch\u00e9 \u00e0 taille humaine","og_description":"Chauss\u00e9e de Waterloo 1331, 1180 Uccle Fort-Jaco! Parking priv\u00e9 gratuit \u00e0 partir d\u2019un minimum d\u2019achat de 10\u20ac","og_url":"https:\/\/www.grandeepicerie.be\/nl\/contact\/","og_site_name":"La Grande \u00c9picerie","article_modified_time":"2020-10-15T13:03:09+00:00","twitter_card":"summary_large_image","twitter_misc":{"Geschatte leestijd":"3 minuten"},"schema":{"@context":"https:\/\/schema.org","@graph":[{"@type":"WebPage","@id":"https:\/\/www.grandeepicerie.be\/nl\/contact\/","url":"https:\/\/www.grandeepicerie.be\/nl\/contact\/","name":"La Grande \u00c9picerie d\u2019Uccle Fort-Jaco ! Supermarch\u00e9 \u00e0 taille humaine","isPartOf":{"@id":"https:\/\/www.grandeepicerie.be\/#website"},"datePublished":"2020-07-28T07:42:26+00:00","dateModified":"2020-10-15T13:03:09+00:00","description":"Chauss\u00e9e de Waterloo 1331, 1180 Uccle Fort-Jaco! Parking priv\u00e9 gratuit \u00e0 partir d\u2019un minimum d\u2019achat de 10\u20ac","breadcrumb":{"@id":"https:\/\/www.grandeepicerie.be\/nl\/contact\/#breadcrumb"},"inLanguage":"nl-NL","potentialAction":[{"@type":"ReadAction","target":["https:\/\/www.grandeepicerie.be\/nl\/contact\/"]}]},{"@type":"BreadcrumbList","@id":"https:\/\/www.grandeepicerie.be\/nl\/contact\/#breadcrumb","itemListElement":[{"@type":"ListItem","position":1,"name":"Home","item":"https:\/\/www.grandeepicerie.be\/nl\/"},{"@type":"ListItem","position":2,"name":"Contact"}]},{"@type":"WebSite","@id":"https:\/\/www.grandeepicerie.be\/#website","url":"https:\/\/www.grandeepicerie.be\/","name":"La Grande \u00c9picerie","description":"","potentialAction":[{"@type":"SearchAction","target":{"@type":"EntryPoint","urlTemplate":"https:\/\/www.grandeepicerie.be\/?s={search_term_string}"},"query-input":{"@type":"PropertyValueSpecification","valueRequired":true,"valueName":"search_term_string"}}],"inLanguage":"nl-NL"}]}},"_links":{"self":[{"href":"https:\/\/www.grandeepicerie.be\/nl\/wp-json\/wp\/v2\/pages\/1713","targetHints":{"allow":["GET"]}}],"collection":[{"href":"https:\/\/www.grandeepicerie.be\/nl\/wp-json\/wp\/v2\/pages"}],"about":[{"href":"https:\/\/www.grandeepicerie.be\/nl\/wp-json\/wp\/v2\/types\/page"}],"author":[{"embeddable":true,"href":"https:\/\/www.grandeepicerie.be\/nl\/wp-json\/wp\/v2\/users\/1"}],"replies":[{"embeddable":true,"href":"https:\/\/www.grandeepicerie.be\/nl\/wp-json\/wp\/v2\/comments?post=1713"}],"version-history":[{"count":4,"href":"https:\/\/www.grandeepicerie.be\/nl\/wp-json\/wp\/v2\/pages\/1713\/revisions"}],"predecessor-version":[{"id":1718,"href":"https:\/\/www.grandeepicerie.be\/nl\/wp-json\/wp\/v2\/pages\/1713\/revisions\/1718"}],"wp:attachment":[{"href":"https:\/\/www.grandeepicerie.be\/nl\/wp-json\/wp\/v2\/media?parent=1713"}],"curies":[{"name":"wp","href":"https:\/\/api.w.org\/{rel}","templated":true}]}}